{"id":2,"date":"2023-11-08T16:02:22","date_gmt":"2023-11-08T15:02:22","guid":{"rendered":"http:\/\/juliedepierrepont.com\/?page_id=2"},"modified":"2025-12-17T00:04:06","modified_gmt":"2025-12-16T23:04:06","slug":"page-d-exemple","status":"publish","type":"page","link":"https:\/\/juliedepierrepont.com\/","title":{"rendered":""},"content":{"rendered":"\n<p><\/p>\n\n\n\n<p><\/p>\n\n\n\n<p class=\"has-text-align-right has-small-font-size\">\u00ab Jamais plus tu ne toucheras les peaux blanches<br>De tes s\u0153urs \u00e9puis\u00e9es de douleur<br>L\u2019Amour est un fil de soie<br>Ou qu\u2019on noue<br>Ou qu\u2019on coupe<br>Souffrance seule v\u00e9rit\u00e9<br>L\u2019\u00c2me qui s\u2019en va du seuil des fleurs au cycle des pierres noires<br>Ta joie sera dans l\u2019\u00e9tude\u2026 dans la mansarde<br>Nue, propre de bois, faite de solitude, v\u00eatue<br>Rouge du soleil couchant, blanche de la lune calme,<br>Pourpre aux tourbillons des passions int\u00e9rieures<br>L\u2019art commence o\u00f9 fuit la vie [\u2026] \u00bb<\/p>\n\n\n\n<p>Extraits d\u2019un po\u00e8me de Louis Soutter relev\u00e9 au dos d\u2019un dessin, non dat\u00e9, dans : Michel Th\u00e9voz, <em>Louis Soutter<\/em>, chap. \u00ab&nbsp;T\u00e9moignages et documents&nbsp;\u00bb, p.&nbsp;114, Collection de monographies \u00ab&nbsp;Grands Artistes Suisses&nbsp;\u00bb publi\u00e9e sous les auspices de la Fondation Pro Helvetia, sous la direction de Ren\u00e9 Berger, Lausanne, Hanspeter Landolt, B\u00e2le, Adolf M. Vogt, Zurich, \u00c9ditions Rencontre, Lausanne, 1970<\/p>\n","protected":false},"excerpt":{"rendered":"<p>\u00ab Jamais plus tu ne toucheras les peaux blanchesDe tes s\u0153urs \u00e9puis\u00e9es de douleurL\u2019Amour est un fil de soieOu qu\u2019on noueOu qu\u2019on coupeSouffrance seule v\u00e9rit\u00e9L\u2019\u00c2me qui s\u2019en va du seuil des fleurs au cycle des pierres noiresTa joie sera dans l\u2019\u00e9tude\u2026 dans la mansardeNue, propre de bois, faite de solitude, v\u00eatueRouge du soleil couchant, blanche &hellip; <\/p>\n<p class=\"link-more\"><a href=\"https:\/\/juliedepierrepont.com\/\" class=\"more-link\">Read more<span class=\"screen-reader-text\"> &#8220;&#8221;<\/span><\/a><\/p>\n","protected":false},"author":1,"featured_media":0,"parent":0,"menu_order":0,"comment_status":"closed","ping_status":"open","template":"","meta":{"footnotes":""},"class_list":["post-2","page","type-page","status-publish","hentry"],"_links":{"self":[{"href":"https:\/\/juliedepierrepont.com\/wp-json\/wp\/v2\/pages\/2","targetHints":{"allow":["GET"]}}],"collection":[{"href":"https:\/\/juliedepierrepont.com\/wp-json\/wp\/v2\/pages"}],"about":[{"href":"https:\/\/juliedepierrepont.com\/wp-json\/wp\/v2\/types\/page"}],"author":[{"embeddable":true,"href":"https:\/\/juliedepierrepont.com\/wp-json\/wp\/v2\/users\/1"}],"replies":[{"embeddable":true,"href":"https:\/\/juliedepierrepont.com\/wp-json\/wp\/v2\/comments?post=2"}],"version-history":[{"count":32,"href":"https:\/\/juliedepierrepont.com\/wp-json\/wp\/v2\/pages\/2\/revisions"}],"predecessor-version":[{"id":1081,"href":"https:\/\/juliedepierrepont.com\/wp-json\/wp\/v2\/pages\/2\/revisions\/1081"}],"wp:attachment":[{"href":"https:\/\/juliedepierrepont.com\/wp-json\/wp\/v2\/media?parent=2"}],"curies":[{"name":"wp","href":"https:\/\/api.w.org\/{rel}","templated":true}]}}